{"id":198,"date":"2023-09-06T19:18:40","date_gmt":"2023-09-06T23:18:40","guid":{"rendered":"https:\/\/copardom.org\/?page_id=198"},"modified":"2023-11-15T19:18:51","modified_gmt":"2023-11-15T23:18:51","slug":"formaciones_empresariales","status":"publish","type":"page","link":"https:\/\/copardom.org\/index.php\/formaciones_empresariales\/","title":{"rendered":"Formaciones Empresariales"},"content":{"rendered":"<p>[et_pb_section fb_built=\"1&#8243; _builder_version=\"4.23&#8243; _module_preset=\"default\" background_image=\"https:\/\/copardom.org\/wp-content\/uploads\/2023\/10\/Imagen-de-WhatsApp-2023-10-26-a-las-22.31.36_c00376a1.jpg\" global_colors_info=\"{}\"][et_pb_row _builder_version=\"4.23&#8243; _module_preset=\"default\" global_colors_info=\"{}\"][et_pb_column type=\"4_4&#8243; _builder_version=\"4.23&#8243; _module_preset=\"default\" global_colors_info=\"{}\"][et_pb_text _builder_version=\"4.23&#8243; _module_preset=\"default\" text_font=\"|600|||||||\" text_text_color=\"#FFFFFF\" text_font_size=\"36px\" global_colors_info=\"{}\"]<\/p>\n<p style=\"text-align: center;\">Formaciones empresariales<\/p>\n<p>[\/et_pb_text][\/et_pb_column][\/et_pb_row][et_pb_row _builder_version=\"4.23&#8243; _module_preset=\"default\" global_colors_info=\"{}\"][et_pb_column type=\"4_4&#8243; _builder_version=\"4.23&#8243; _module_preset=\"default\" global_colors_info=\"{}\"][\/et_pb_column][\/et_pb_row][\/et_pb_section][et_pb_section fb_built=\"1&#8243; _builder_version=\"4.23&#8243; _module_preset=\"default\" custom_padding=\"||0px||false|false\" global_colors_info=\"{}\"][et_pb_row _builder_version=\"4.23&#8243; _module_preset=\"default\" global_colors_info=\"{}\"][et_pb_column type=\"4_4&#8243; _builder_version=\"4.23&#8243; _module_preset=\"default\" global_colors_info=\"{}\"][et_pb_text _builder_version=\"4.23&#8243; _module_preset=\"default\" text_text_color=\"#000000&#8243; text_font_size=\"27px\" header_font_size=\"29px\" global_colors_info=\"{}\"]<\/p>\n<p style=\"text-align: center;\"><span><strong><em>Especialistas en la formaci\u00f3n del talento humano de tu organizaci\u00f3n<\/em><\/strong><\/span><\/p>\n<p>[\/et_pb_text][\/et_pb_column][\/et_pb_row][\/et_pb_section][et_pb_section fb_built=\"1&#8243; _builder_version=\"4.23&#8243; _module_preset=\"default\" custom_padding=\"0px||||false|false\" global_colors_info=\"{}\"][et_pb_row column_structure=\"1_2,1_2&#8243; _builder_version=\"4.23&#8243; _module_preset=\"default\" global_colors_info=\"{}\"][et_pb_column type=\"1_2&#8243; _builder_version=\"4.23&#8243; _module_preset=\"default\" global_colors_info=\"{}\"][et_pb_text _builder_version=\"4.23&#8243; _module_preset=\"default\" global_colors_info=\"{}\"]<\/p>\n<h4><span><em><strong>Modalidades de Servicio:<\/strong><\/em><\/span><\/h4>\n<p><span><em><strong><\/strong><\/em><\/span><\/p>\n<ul>\n<li style=\"text-align: justify;\"><span><strong><em>SEMINARIOS ABIERTOS<\/em><\/strong>:<\/span><span>\u00a0<\/span>eventos programados de manera mensual en donde se abordan diferentes tem\u00e1ticas, de diversas \u00e1reas, tales como:\u00a0Administraci\u00f3n Aplicada, Alta Gerencia,\u00a0Banca, Bodega y Log\u00edstica,\u00a0Bussines Intelligence,\u00a0Contabilidad y Auditor\u00eda, Cr\u00e9ditos y Cobros, Desarrollo Emocional Aplicado,\u00a0E-commerce, Innovaci\u00f3n, Habilidades Interpersonales,\u00a0Liderazgo, Mercadeo y Ventas, Producci\u00f3n y Calidad, Procesamiento de alimentos y bebidas, Recursos Humanos, Transformaci\u00f3n Digital, Otros.<\/li>\n<\/ul>\n<p>[\/et_pb_text][\/et_pb_column][et_pb_column type=\"1_2&#8243; _builder_version=\"4.23&#8243; _module_preset=\"default\" global_colors_info=\"{}\"][dsm_perspective_image src=\"https:\/\/copardom.org\/wp-content\/uploads\/2023\/10\/EC_Whs4XUAAlWTk.jpeg\" title_text=\"EC_Whs4XUAAlWTk\" align=\"center\" _builder_version=\"4.23&#8243; _module_preset=\"default\" global_colors_info=\"{}\"][\/dsm_perspective_image][\/et_pb_column][\/et_pb_row][\/et_pb_section][et_pb_section fb_built=\"1&#8243; _builder_version=\"4.23&#8243; _module_preset=\"default\" custom_padding=\"0px||0px||false|false\" global_colors_info=\"{}\"][et_pb_row _builder_version=\"4.23&#8243; _module_preset=\"default\" global_colors_info=\"{}\"][et_pb_column type=\"4_4&#8243; _builder_version=\"4.23&#8243; _module_preset=\"default\" global_colors_info=\"{}\"][et_pb_text _builder_version=\"4.23&#8243; _module_preset=\"default\" text_text_color=\"#000000&#8243; text_font_size=\"27px\" header_font_size=\"29px\" locked=\"off\" global_colors_info=\"{}\"]<\/p>\n<p style=\"text-align: center;\"><span><strong><em>Cursos y eventos<\/em><\/strong><\/span><\/p>\n<p>[\/et_pb_text][\/et_pb_column][\/et_pb_row][\/et_pb_section][et_pb_section fb_built=\"1&#8243; _builder_version=\"4.23.1&#8243; _module_preset=\"default\" custom_padding=\"0px||||false|false\" hover_enabled=\"0&#8243; global_colors_info=\"{}\" bottom_divider_color=\"#f7f7f7&#8243; sticky_enabled=\"0&#8243;][et_pb_row column_structure=\"1_3,1_3,1_3&#8243; _builder_version=\"4.23&#8243; _module_preset=\"default\" global_colors_info=\"{}\"][et_pb_column type=\"1_3&#8243; _builder_version=\"4.23&#8243; _module_preset=\"default\" global_colors_info=\"{}\"][dsm_card title=\"Derechos Laborales en la Rep\u00fablica Dominicana\" image=\"https:\/\/copardom.org\/wp-content\/uploads\/2023\/11\/abogado-rellenando-documento-min-1-scaled.jpg\" badge_text=\"Curso\" button_text=\"inscr\u00edbete\" button_url_new_window=\"1&#8243; _builder_version=\"4.23.1&#8243; _module_preset=\"default\" header_font=\"|600|||||||\" header_text_align=\"center\" header_text_color=\"#000000&#8243; header_font_size=\"18px\" hover_enabled=\"0&#8243; global_colors_info=\"{}\" sticky_enabled=\"0&#8243; title_text=\"abogado-rellenando-documento-min (1)\" button_url=\"https:\/\/eva.copardom.org\/course\/\"]<\/p>\n<div class=\"DF_utQ _0xkaeQ\">\n<div class=\"Zp7NQw\">\n<div class=\"a26Xuw\">\n<div class=\"PcHy7w\">\n<div class=\"uk_25A Ty61NA\">\n<div class=\"Izwocg\" style=\"text-align: justify;\">El curso virtual sobre Derechos Laborales en Rep\u00fablica Dominicana est\u00e1 dise\u00f1ado para proporcionar a los participantes los conocimientos y herramientas necesarias para entender los derechos laborales b\u00e1sicos en el pa\u00eds y c\u00f3mo se aplican en el mundo del trabajo.<\/div>\n<\/div>\n<\/div>\n<\/div>\n<\/div>\n<\/div>\n<p>[\/dsm_card][\/et_pb_column][et_pb_column type=\"1_3&#8243; _builder_version=\"4.23&#8243; _module_preset=\"default\" global_colors_info=\"{}\"][dsm_card title=\"Salud y Seguridad en el Trabajo en la Rep\u00fablica Dominicana\" image=\"https:\/\/copardom.org\/wp-content\/uploads\/2023\/11\/mujer-angulo-que-conduce-maquina-limpieza-min-scaled.jpg\" badge_text=\"Curso\" button_text=\"inscr\u00edbete\" button_url_new_window=\"1&#8243; _builder_version=\"4.23.1&#8243; _module_preset=\"default\" header_font=\"|600|||||||\" header_text_align=\"center\" header_text_color=\"#000000&#8243; header_font_size=\"18px\" hover_enabled=\"0&#8243; locked=\"off\" global_colors_info=\"{}\" sticky_enabled=\"0&#8243; button_url=\"https:\/\/eva.copardom.org\/course\/\"]<\/p>\n<p>El curso de Salud y Seguridad en el Trabajo est\u00e1 dise\u00f1ado para proporcionar a los participantes conocimientos y habilidades necesarias para prevenir accidentes laborales y enfermedades ocupacionales en el entorno laboral.<\/p>\n<p>[\/dsm_card][\/et_pb_column][et_pb_column type=\"1_3&#8243; _builder_version=\"4.23&#8243; _module_preset=\"default\" global_colors_info=\"{}\"][dsm_card title=\"Constitucio\u0301n y Legalizacio\u0301n de Empresas en la Repu\u0301blica Dominicana\" image=\"https:\/\/copardom.org\/wp-content\/uploads\/2023\/11\/IMG_3562-scaled.jpg\" badge_text=\"Curso\" button_text=\"inscr\u00edbete\" button_url_new_window=\"1&#8243; _builder_version=\"4.23.1&#8243; _module_preset=\"default\" header_font=\"|600|||||||\" header_text_align=\"center\" header_text_color=\"#000000&#8243; header_font_size=\"18px\" hover_enabled=\"0&#8243; locked=\"off\" global_colors_info=\"{}\" sticky_enabled=\"0&#8243; title_text=\"IMG_3562&#8243; button_url=\"https:\/\/eva.copardom.org\/course\/\"]<\/p>\n<p style=\"text-align: justify;\"><span>Este es un contenido de curso virtual que explica los pasos para convertirse en una entidad formal en la Rep\u00fablica Dominicana y cumplir con todas las obligaciones y protecciones legales que ello implica. El objetivo principal es establecer los principios b\u00e1sicos del proceso de formalizaci\u00f3n de las empresas.<\/span><\/p>\n<p>[\/dsm_card][\/et_pb_column][\/et_pb_row][\/et_pb_section][et_pb_section fb_built=\"1&#8243; theme_builder_area=\"post_content\" _builder_version=\"4.23.1&#8243; _module_preset=\"default\" custom_margin=\"0px||||false|false\" custom_padding=\"0px||||false|false\" hover_enabled=\"0&#8243; sticky_enabled=\"0&#8243; top_divider_color=\"#FFFFFF\"][et_pb_row _builder_version=\"4.23.1&#8243; _module_preset=\"default\" theme_builder_area=\"post_content\" column_structure=\"1_2,1_2&#8243;][et_pb_column _builder_version=\"4.23.1&#8243; _module_preset=\"default\" type=\"1_2&#8243; theme_builder_area=\"post_content\"][et_pb_image src=\"https:\/\/copardom.org\/wp-content\/uploads\/2023\/11\/mockup-1-compressed-copia-scaled.jpg\" _builder_version=\"4.23.1&#8243; _module_preset=\"default\" theme_builder_area=\"post_content\" hover_enabled=\"0&#8243; sticky_enabled=\"0&#8243; title_text=\"mockup 1-compressed &#8211; copia\"][\/et_pb_image][\/et_pb_column][et_pb_column _builder_version=\"4.23.1&#8243; _module_preset=\"default\" type=\"1_2&#8243; theme_builder_area=\"post_content\"][et_pb_text _builder_version=\"4.23.1&#8243; _module_preset=\"default\" theme_builder_area=\"post_content\" hover_enabled=\"0&#8243; sticky_enabled=\"0&#8243; text_text_color=\"#0C71C3&#8243; header_text_color=\"#0C71C3&#8243; header_3_text_color=\"#0C71C3&#8243; custom_margin=\"||||false|false\" custom_padding=\"150px||||false|false\"]<\/p>\n<div class=\"et_pb_slide_content\"><\/div>\n<div class=\"et_pb_slide_content\"><\/div>\n<div class=\"et_pb_slide_content\">\n<h3 style=\"text-align: center;\"><strong>COPARDOM, a trav\u00e9s de su plataforma empresarial educativa, ofrece diferentes cursos en modalidad virtual autoguiados.<\/strong><\/h3>\n<\/div>\n<p>[\/et_pb_text][et_pb_button button_text=\"Ingresa aqu\u00ed\" _builder_version=\"4.23.1&#8243; _module_preset=\"default\" theme_builder_area=\"post_content\" button_url=\"https:\/\/eva.copardom.org\/\" hover_enabled=\"0&#8243; sticky_enabled=\"0&#8243; button_alignment=\"center\"][\/et_pb_button][\/et_pb_column][\/et_pb_row][\/et_pb_section]<\/p>\n","protected":false},"excerpt":{"rendered":"<p>Formaciones empresarialesEspecialistas en la formaci\u00f3n del talento humano de tu organizaci\u00f3nModalidades de Servicio: SEMINARIOS ABIERTOS:\u00a0eventos programados de manera mensual en donde se abordan diferentes tem\u00e1ticas, de diversas \u00e1reas, tales como:\u00a0Administraci\u00f3n [&hellip;]<\/p>\n","protected":false},"author":1,"featured_media":0,"parent":0,"menu_order":0,"comment_status":"closed","ping_status":"closed","template":"","meta":{"_et_pb_use_builder":"on","_et_pb_old_content":"<!-- wp:divi\/placeholder \/-->","_et_gb_content_width":"","loftloader_page_shortcode":"","footnotes":""},"class_list":["post-198","page","type-page","status-publish","hentry"],"_links":{"self":[{"href":"https:\/\/copardom.org\/index.php\/wp-json\/wp\/v2\/pages\/198","targetHints":{"allow":["GET"]}}],"collection":[{"href":"https:\/\/copardom.org\/index.php\/wp-json\/wp\/v2\/pages"}],"about":[{"href":"https:\/\/copardom.org\/index.php\/wp-json\/wp\/v2\/types\/page"}],"author":[{"embeddable":true,"href":"https:\/\/copardom.org\/index.php\/wp-json\/wp\/v2\/users\/1"}],"replies":[{"embeddable":true,"href":"https:\/\/copardom.org\/index.php\/wp-json\/wp\/v2\/comments?post=198"}],"version-history":[{"count":15,"href":"https:\/\/copardom.org\/index.php\/wp-json\/wp\/v2\/pages\/198\/revisions"}],"predecessor-version":[{"id":907,"href":"https:\/\/copardom.org\/index.php\/wp-json\/wp\/v2\/pages\/198\/revisions\/907"}],"wp:attachment":[{"href":"https:\/\/copardom.org\/index.php\/wp-json\/wp\/v2\/media?parent=198"}],"curies":[{"name":"wp","href":"https:\/\/api.w.org\/{rel}","templated":true}]}}