{"id":200,"date":"2023-09-06T19:18:59","date_gmt":"2023-09-06T23:18:59","guid":{"rendered":"https:\/\/copardom.org\/?page_id=200"},"modified":"2023-11-01T01:29:46","modified_gmt":"2023-11-01T05:29:46","slug":"representaciones_nacionales","status":"publish","type":"page","link":"https:\/\/copardom.org\/index.php\/representaciones_nacionales\/","title":{"rendered":"Representaciones Nacionales"},"content":{"rendered":"[et_pb_section fb_built=\"1&#8243; admin_label=\"section\" _builder_version=\"4.23&#8243; background_image=\"https:\/\/copardom.org\/wp-content\/uploads\/2023\/10\/socios-4-1.png\" global_colors_info=\"{}\"][et_pb_row admin_label=\"row\" _builder_version=\"4.23&#8243; background_size=\"initial\" background_position=\"top_left\" background_repeat=\"repeat\" global_colors_info=\"{}\"][et_pb_column type=\"4_4&#8243; _builder_version=\"4.23&#8243; custom_padding=\"|||\" global_colors_info=\"{}\" custom_padding__hover=\"|||\"][et_pb_text admin_label=\"Text\" _builder_version=\"4.16&#8243; background_size=\"initial\" background_position=\"top_left\" background_repeat=\"repeat\" global_colors_info=\"{}\"][\/et_pb_text][et_pb_text _builder_version=\"4.23&#8243; _module_preset=\"default\" text_text_color=\"#FFFFFF\" text_font_size=\"36px\" header_text_color=\"#FFFFFF\" global_colors_info=\"{}\"]<p style=\"text-align: center;\"><strong>Representaciones Nacionales<\/strong><\/p>\n<p style=\"text-align: center; font-size: 18px;\"><strong>Dentro de la Direccion del Ministerio de Trabajo dominicanos consejos tripartitos<\/strong><\/p>[\/et_pb_text][\/et_pb_column][\/et_pb_row][\/et_pb_section][et_pb_section fb_built=\"1&#8243; _builder_version=\"4.23&#8243; _module_preset=\"default\" custom_padding=\"0px||0px||true|false\" box_shadow_style=\"preset2&#8243; global_colors_info=\"{}\"][et_pb_row column_structure=\"1_2,1_2&#8243; _builder_version=\"4.23&#8243; _module_preset=\"default\" global_colors_info=\"{}\"][et_pb_column type=\"1_2&#8243; _builder_version=\"4.23&#8243; _module_preset=\"default\" global_colors_info=\"{}\"][et_pb_text _builder_version=\"4.23&#8243; _module_preset=\"default\" global_colors_info=\"{}\"][\/et_pb_text][et_pb_text _builder_version=\"4.23&#8243; _module_preset=\"default\" text_font_size=\"16px\" ul_text_align=\"left\" header_text_align=\"justify\" header_font_size=\"14px\" hover_enabled=\"0&#8243; global_colors_info=\"{}\" sticky_enabled=\"0&#8243; custom_padding=\"0px||0px||false|false\"]<ol>\n<li><strong>Consejo Consultivo del Trabajo<\/strong> (\u00f3rgano asesor de la presidencia de la Rep\u00fablica Dominicana en materia laboral).\n<ul>\n<li style=\"list-style-type: none;\">\n<ul>\n<li style=\"list-style-type: none;\">\n<ul>\n<li style=\"list-style-type: none;\">\n<ul>\n<li style=\"text-align: justify;\">El Consejo Consultivo del Trabajo que tendr\u00e1 por objeto asesorar al Ministro de Trabajo en todas aquellas cuestiones que interesen al desarrollo y coordinaci\u00f3n de las relaciones entre el capital y el trabajo. (Decreto No.47-99)<\/li>\n<\/ul>\n<\/li>\n<\/ul>\n<\/li>\n<\/ul>\n<\/li>\n<\/ul>\n<\/li>\n<\/ol>[\/et_pb_text][et_pb_button button_text=\"Consejo nacional de empleo\" _builder_version=\"4.23&#8243; _module_preset=\"default\" custom_button=\"on\" button_text_size=\"18px\" button_icon=\"&#xe02b;||divi||400&#8243; button_icon_color=\"#FFFFFF\" button_icon_placement=\"left\" button_url=\"https:\/\/mt.gob.do\/transparencia\/index.php\/servicios\/servicio-no-2&#8243; url_new_window=\"on\" hover_enabled=\"0&#8243; sticky_enabled=\"0&#8243; button_on_hover=\"off\" custom_padding=\"0px||0px||false|false\" custom_margin=\"-50px||||false|false\" custom_margin_last_edited=\"on|phone\" custom_margin_phone=\"0px||||false|false\" button_alignment=\"left\" custom_margin_tablet=\"-50px||||false|false\"][\/et_pb_button][\/et_pb_column][et_pb_column type=\"1_2&#8243; _builder_version=\"4.23&#8243; _module_preset=\"default\" global_colors_info=\"{}\"][et_pb_image src=\"https:\/\/copardom.org\/wp-content\/uploads\/2023\/10\/Captura-de-pantalla-2023-10-31-134546.png\" title_text=\"Captura de pantalla 2023-10-31 134546&#8243; _builder_version=\"4.23&#8243; _module_preset=\"default\" module_alignment=\"center\" custom_padding=\"40px||0px||false|false\" hover_enabled=\"0&#8243; global_colors_info=\"{}\" sticky_enabled=\"0&#8243;][\/et_pb_image][\/et_pb_column][\/et_pb_row][\/et_pb_section][et_pb_section fb_built=\"1&#8243; _builder_version=\"4.23&#8243; _module_preset=\"default\" custom_padding=\"0px||0px||true|false\" box_shadow_style=\"preset2&#8243; global_colors_info=\"{}\"][et_pb_row _builder_version=\"4.23&#8243; _module_preset=\"default\" global_colors_info=\"{}\"][et_pb_column type=\"4_4&#8243; _builder_version=\"4.23&#8243; _module_preset=\"default\" global_colors_info=\"{}\"][et_pb_accordion open_toggle_text_color=\"#FFFFFF\" open_toggle_background_color=\"#0C71C3&#8243; closed_toggle_text_color=\"#000000&#8243; closed_toggle_background_color=\"#FFFFFF\" icon_color=\"#0C71C3&#8243; _builder_version=\"4.23&#8243; _module_preset=\"default\" toggle_text_color=\"#000000&#8243; body_text_color=\"#FFFFFF\" hover_enabled=\"0&#8243; global_colors_info=\"{}\" sticky_enabled=\"0&#8243;][et_pb_accordion_item title=\"1. Comisi\u00f3n nacional de Empleo\" open=\"on\" _builder_version=\"4.23&#8243; _module_preset=\"default\" global_colors_info=\"{}\"]<p style=\"text-align: justify;\"><span style=\"font-weight: 400;\">La Comisi\u00f3n Nacional de Empleo, compuesta por representantes del Estado, los empleadores y trabajadores, con el objeto de programar e impulsar la pol\u00edtica de empleo en la Rep\u00fablica Dominicana. (Decreto No. 1019)<\/span><\/p>[\/et_pb_accordion_item][et_pb_accordion_item title=\"2. Comisi\u00f3n nacional de Empleo \" _builder_version=\"4.23&#8243; _module_preset=\"default\" global_colors_info=\"{}\" open=\"off\"]<p style=\"text-align: justify;\"><span style=\"font-weight: 400;\">La Comisi\u00f3n Nacional de Empleo, compuesta por representantes del Estado, los empleadores y trabajadores, con el objeto de programar e impulsar la pol\u00edtica de empleo en la Rep\u00fablica Dominicana. (Decreto No. 1019)<\/span><\/p>[\/et_pb_accordion_item][et_pb_accordion_item title=\"3. Comit\u00e9 Nacional de Salarios \" _builder_version=\"4.23&#8243; _module_preset=\"default\" global_colors_info=\"{}\" open=\"off\"]<p style=\"text-align: justify;\"><span style=\"font-weight: 400;\">Su misi\u00f3n es revisar cada dos a\u00f1os las tarifas salariales de todos los sectores que convergen en la econom\u00eda del pa\u00eds. Su objetivo es revisar las tarifas que cumplen su per\u00edodo de vigencia, establecido en la misi\u00f3n, en inter\u00e9s de buscar un justo y equilibrado consenso entre los representantes de cada sector. (De acuerdo con los art\u00edculos 455, 456, 459 y 460 del C\u00f3digo de Trabajo Dominicano).<\/span><\/p>[\/et_pb_accordion_item][et_pb_accordion_item title=\"4. Consejo Nacional de Seguridad y Salud Ocupacional (CONSSO)\" _builder_version=\"4.23&#8243; _module_preset=\"default\" global_colors_info=\"{}\" open=\"off\"]<p style=\"text-align: justify;\"><span style=\"font-weight: 400;\">El Consejo Nacional de Seguridad y Salud Ocupacional (CONSSO) es un \u00f3rgano consultivo y asesor del Ministerio de Trabajo en materia de prevenci\u00f3n de accidentes de trabajo y enfermedades profesionales. (Decreto No. 989-03)<\/span><\/p>[\/et_pb_accordion_item][et_pb_accordion_item title=\"5. Consejo Directivo Nacional de Lucha contra el Trabajo Infantil\" _builder_version=\"4.23&#8243; _module_preset=\"default\" global_colors_info=\"{}\" open=\"off\"]<p style=\"text-align: justify;\"><span style=\"font-weight: 400;\">El Consejo Directivo Nacional de Lucha contra el Trabajo Infantil tendr\u00e1 las siguientes funciones: a) Generar un diagn\u00f3stico respecto de la realidad del trabajo infantil en la Rep\u00fablica Dominicana. b) Definir la naturaleza de las actividades y los campos de acci\u00f3n en que haya de desarrollarse el Programa Internacional para la Erradicaci\u00f3n del Trabajo Infantil, establecido en el contexto de una Pol\u00edtica Nacional de Luchas contra el Trabajo Infantil.\u00a0 Articular los proyectos concretos de lucha contra el Trabajo Infantil. (Decreto No 144-97)<\/span><\/p>[\/et_pb_accordion_item][et_pb_accordion_item title=\"6. Mesa Tripartita para prevenci\u00f3n y soluci\u00f3n de conflictos laborales relativos a \u201cNormas Internacionales del Trabajo\u201d\" _builder_version=\"4.23&#8243; _module_preset=\"default\" global_colors_info=\"{}\" open=\"off\"]<p style=\"text-align: justify;\"><span style=\"font-weight: 400;\">6.1 La Mesa Tripartita de Tratamiento de Cuestiones Relativas a las Normas internacionales del Trabajo, se establece por acuerdo tripartito entre el Ministerio de Trabajo, el sector de los trabajadores y el sector \u00a0 empleador, con el prop\u00f3sito de promover el di\u00e1logo social y el cumplimiento de las Normas Internacionales del Trabajo dentro del Marco del Convenio n\u00fam. 144 de la Organizaci\u00f3n Internacional Del Trabajo (OIT). (Acuerdo Sector Tripartito, constituyentes de la OIT).<\/span><\/p>\n<p style=\"text-align: justify;\"><span style=\"font-weight: 400;\">6.2 En Sistema Dominicano de la Seguridad Social<\/span><\/p>[\/et_pb_accordion_item][et_pb_accordion_item title=\"7. Consejo Nacional de la Seguridad Social (regulador del sistema de salud, pensiones y riesgos laborales) \" _builder_version=\"4.23&#8243; _module_preset=\"default\" global_colors_info=\"{}\" open=\"off\"]<p>7.1 <span style=\"font-weight: 400;\">El Consejo Nacional de Seguridad Social, es el \u00f3rgano rector y superior del Sistema Dominicano de Seguridad Social (SDSS).\u00a0 Es una entidad descentralizada de car\u00e1cter p\u00fablico y aut\u00f3nomo.<\/span><\/p>\n<p>7.2 <span style=\"font-weight: 400;\">Su Misi\u00f3n: Garantizar protecci\u00f3n social, solidaria, suficiente y oportuna contra los riesgos de vejez, discapacidad, sobrevivencia, enfermedad, maternidad infancia y riesgos laborales, procurando el mayor impacto social, econ\u00f3mico y de calidad de vida de la poblaci\u00f3n beneficiaria, cumpliendo con las normas establecidas.<\/span><\/p>[\/et_pb_accordion_item][et_pb_accordion_item title=\"8. Consejo Directivo Instituto Dominicano de Prevenci\u00f3n y Protecci\u00f3n de Riesgos Laborales (IDOPPRIL)\" _builder_version=\"4.23&#8243; _module_preset=\"default\" global_colors_info=\"{}\" open=\"off\"]<p style=\"text-align: justify;\"><span style=\"font-weight: 400;\">8.1 El Instituto Dominicano de Prevenci\u00f3n y Protecci\u00f3n de Riesgos Laborales (IDOPPRIL), tiene como atribuciones: <\/span><\/p>\n<p style=\"text-align: justify;\">8.1.1 La administraci\u00f3n y pago de las prestaciones del seguro de riesgos Laborales del sistema Dominicano de seguridad Social (SDSS).<\/p>\n<p style=\"text-align: justify;\">8.1.2 La contrataci\u00f3n de servicios de salud para la atenci\u00f3n de afiliados por enfermedades producto del trabajo y accidentes laborales.<\/p>\n<p style=\"text-align: justify;\">8.1.3 La promoci\u00f3n sobre prevenci\u00f3n y control de los riesgos laborales.<\/p>\n<p style=\"text-align: justify;\">8.1.4 Promoci\u00f3n del estudio, conocimiento y atenci\u00f3n integral de la salud de los trabajadores.<\/p>[\/et_pb_accordion_item][et_pb_accordion_item title=\"9. Consejo Nacional para el VIH y el SIDA | CONAVIHSIDA\" _builder_version=\"4.23&#8243; _module_preset=\"default\" hover_enabled=\"0&#8243; global_colors_info=\"{}\" open=\"off\" sticky_enabled=\"0&#8243;]<p style=\"text-align: justify;\"><span style=\"font-weight: 400;\">El Consejo Nacional para el VIH y el SIDA (CONAVIHSIDA), fue creado mediante la Ley de VIH y SIDA de la Rep\u00fablica Dominicana No.135-11, es un organismo aut\u00f3nomo \u2013con personalidad jur\u00eddica propia-, multisectorial, colegiado y de car\u00e1cter estrat\u00e9gico, con la responsabilidad de coordinar y conducir la Respuesta Nacional al VIH\/SIDA, en consonancia con las disposiciones establecidas en la referida ley, su reglamento de aplicaci\u00f3n y en su reglamento interno.<\/span><\/p>[\/et_pb_accordion_item][\/et_pb_accordion][\/et_pb_column][\/et_pb_row][\/et_pb_section]","protected":false},"excerpt":{"rendered":"<p>Representaciones Nacionales Dentro de la Direccion del Ministerio de Trabajo dominicanos consejos tripartitos Consejo Consultivo del Trabajo (\u00f3rgano asesor de la presidencia de la Rep\u00fablica Dominicana en materia laboral). El [&hellip;]<\/p>\n","protected":false},"author":1,"featured_media":0,"parent":0,"menu_order":0,"comment_status":"closed","ping_status":"closed","template":"","meta":{"_et_pb_use_builder":"on","_et_pb_old_content":"<!-- wp:divi\/placeholder \/-->","_et_gb_content_width":"","loftloader_page_shortcode":"","footnotes":""},"class_list":["post-200","page","type-page","status-publish","hentry"],"_links":{"self":[{"href":"https:\/\/copardom.org\/index.php\/wp-json\/wp\/v2\/pages\/200","targetHints":{"allow":["GET"]}}],"collection":[{"href":"https:\/\/copardom.org\/index.php\/wp-json\/wp\/v2\/pages"}],"about":[{"href":"https:\/\/copardom.org\/index.php\/wp-json\/wp\/v2\/types\/page"}],"author":[{"embeddable":true,"href":"https:\/\/copardom.org\/index.php\/wp-json\/wp\/v2\/users\/1"}],"replies":[{"embeddable":true,"href":"https:\/\/copardom.org\/index.php\/wp-json\/wp\/v2\/comments?post=200"}],"version-history":[{"count":18,"href":"https:\/\/copardom.org\/index.php\/wp-json\/wp\/v2\/pages\/200\/revisions"}],"predecessor-version":[{"id":713,"href":"https:\/\/copardom.org\/index.php\/wp-json\/wp\/v2\/pages\/200\/revisions\/713"}],"wp:attachment":[{"href":"https:\/\/copardom.org\/index.php\/wp-json\/wp\/v2\/media?parent=200"}],"curies":[{"name":"wp","href":"https:\/\/api.w.org\/{rel}","templated":true}]}}