{"id":213,"date":"2023-09-06T23:35:31","date_gmt":"2023-09-07T03:35:31","guid":{"rendered":"https:\/\/copardom.org\/?page_id=213"},"modified":"2023-11-01T02:12:13","modified_gmt":"2023-11-01T06:12:13","slug":"publicaciones","status":"publish","type":"page","link":"https:\/\/copardom.org\/index.php\/publicaciones\/","title":{"rendered":"Publicaciones"},"content":{"rendered":"<p>[et_pb_section fb_built=\"1&#8243; _builder_version=\"4.22.2&#8243; _module_preset=\"default\" global_colors_info=\"{}\"][et_pb_row _builder_version=\"4.23&#8243; _module_preset=\"default\"][et_pb_column _builder_version=\"4.23&#8243; _module_preset=\"default\" type=\"4_4&#8243;][dipl_blog_timeline _builder_version=\"4.23&#8243; _module_preset=\"default\" include_categories=\"1&#8243; read_more_text=\"ver m\u00e1s\" hover_enabled=\"0&#8243; sticky_enabled=\"0&#8243;][\/dipl_blog_timeline][\/et_pb_column][\/et_pb_row][\/et_pb_section]<\/p>\n","protected":false},"excerpt":{"rendered":"<div class=\"et_pb_module dipl_blog_timeline dipl_blog_timeline_0\">\n\t\t\t\t\n\t\t\t\t\n\t\t\t\t\n\t\t\t\t\n\t\t\t\t\n\t\t\t\t\n\t\t\t\t<div class=\"et_pb_module_inner\">\n\t\t\t\t\t<div class=\"dipl_blog_timeline_wrapper layout1 dipl_blog_timeline_alternate\"><article id=\"post-926\" class=\"dipl_blog_timeline_post post-926 post type-post status-publish format-standard has-post-thumbnail hentry category-sin-categoria\" ><div class=\"dipl_blog_timeline_stem_center\">\n\t\t\t\t\t\t\t<span class=\"dipl_blog_timeline_post_icon et-pb-icon\">&#x37;<\/span>\n\t\t\t\t\t\t<\/div><div class=\"dipl_blog_timeline_post_content\"><div class=\"dipl_blog_timeline_content_wrapper\"><div class=\"dipl_blog_timeline_meta_date\"><span class=\"published\">Dic 18, 2023<\/span><\/div><div class=\"dipl_blog_timeline_image_wrapper\"><a href=\"https:\/\/copardom.org\/index.php\/2023\/12\/18\/panorama-laboral-2023\/\" class=\"dipl_blog_timeline_image_link\"><img width=\"737\" height=\"415\" src=\"https:\/\/copardom.org\/wp-content\/uploads\/2023\/12\/wcms_906517.png\" class=\"dipl_blog_timeline_post_image wp-post-image\" alt=\"\" decoding=\"async\" loading=\"lazy\" srcset=\"https:\/\/copardom.org\/wp-content\/uploads\/2023\/12\/wcms_906517.png 737w, https:\/\/copardom.org\/wp-content\/uploads\/2023\/12\/wcms_906517-480x270.png 480w\" sizes=\"auto, (min-width: 0px) and (max-width: 480px) 480px, (min-width: 481px) 737px, 100vw\" \/><\/a><\/div><h3 class=\"dipl_blog_timeline_post_title\"><a href=\"https:\/\/copardom.org\/index.php\/2023\/12\/18\/panorama-laboral-2023\/\">Panorama laboral 2023<\/a><\/h3><p class=\"dipl_blog_timeline_meta\"><span class=\"dipl_blog_timeline_meta_icon et-pb-icon\">&#xe08d;<\/span><span class=\"dipl_blog_timeline_post_categories\"><a href=\"https:\/\/copardom.org\/index.php\/category\/sin-categoria\/\" rel=\"category tag\">Noticia<\/a><\/span> <span class=\"dipl_blog_timeline_meta_icon et-pb-icon\">&#xe08a;<\/span><span class=\"author\"><a href=\"https:\/\/copardom.org\/index.php\/author\/admin\/\" title=\"Entradas de admin\" rel=\"author\">admin<\/a><\/span> <span class=\"dipl_blog_timeline_meta_icon et-pb-icon\">&#xe066;<\/span><span class=\"comments\">0 Comments<\/span><\/p><div class=\"dipl_blog_timeline_post_content_inner\"><p>La Oficina Regional de la OIT para Am\u00e9rica Latina y el Caribe\u00a0tiene el agrado de invitarlas e invitarlos al lanzamiento virtual del informe anual\u00a0Panorama Laboral 2023.\u00a0El objetivo de esta conferencia de prensa virtual con la directora regional a.i. de OIT para...<\/p>\n<\/div><div class=\"dipl_blog_timeline_read_more_link\"><a class=\"et_pb_button\" href=\"https:\/\/copardom.org\/index.php\/2023\/12\/18\/panorama-laboral-2023\/\">ver m\u00e1s<\/a><\/div><span class=\"dipl_blog_timeline_triangle\"><\/span><\/div><\/div><div class=\"dipl_blog_timeline_outer_container\"><\/div><\/article><article id=\"post-749\" class=\"dipl_blog_timeline_post post-749 post type-post status-publish format-standard has-post-thumbnail hentry category-sin-categoria\" ><div class=\"dipl_blog_timeline_stem_center\">\n\t\t\t\t\t\t\t<span class=\"dipl_blog_timeline_post_icon et-pb-icon\">&#x37;<\/span>\n\t\t\t\t\t\t<\/div><div class=\"dipl_blog_timeline_post_content\"><div class=\"dipl_blog_timeline_content_wrapper\"><div class=\"dipl_blog_timeline_meta_date\"><span class=\"published\">Nov 1, 2023<\/span><\/div><div class=\"dipl_blog_timeline_image_wrapper\"><a href=\"https:\/\/copardom.org\/index.php\/2023\/11\/01\/presidenta-copardom-atencion-primaria-reduce-costos-e-impacta-positivamente-la-economia-y-competitividad\/\" class=\"dipl_blog_timeline_image_link\"><img width=\"1024\" height=\"682\" src=\"https:\/\/copardom.org\/wp-content\/uploads\/2023\/11\/Imagen-de-WhatsApp-2023-10-27-a-las-10.19.47_ecc049c8-1024x682.jpg\" class=\"dipl_blog_timeline_post_image wp-post-image\" alt=\"\" decoding=\"async\" loading=\"lazy\" srcset=\"https:\/\/copardom.org\/wp-content\/uploads\/2023\/11\/Imagen-de-WhatsApp-2023-10-27-a-las-10.19.47_ecc049c8-980x653.jpg 980w, https:\/\/copardom.org\/wp-content\/uploads\/2023\/11\/Imagen-de-WhatsApp-2023-10-27-a-las-10.19.47_ecc049c8-480x320.jpg 480w\" sizes=\"auto, (min-width: 0px) and (max-width: 480px) 480px, (min-width: 481px) and (max-width: 980px) 980px, (min-width: 981px) 1024px, 100vw\" \/><\/a><\/div><h3 class=\"dipl_blog_timeline_post_title\"><a href=\"https:\/\/copardom.org\/index.php\/2023\/11\/01\/presidenta-copardom-atencion-primaria-reduce-costos-e-impacta-positivamente-la-economia-y-competitividad\/\">Presidenta Copardom: atenci\u00f3n primaria reduce costos e impacta positivamente la econom\u00eda y competitividad<\/a><\/h3><p class=\"dipl_blog_timeline_meta\"><span class=\"dipl_blog_timeline_meta_icon et-pb-icon\">&#xe08d;<\/span><span class=\"dipl_blog_timeline_post_categories\"><a href=\"https:\/\/copardom.org\/index.php\/category\/sin-categoria\/\" rel=\"category tag\">Noticia<\/a><\/span> <span class=\"dipl_blog_timeline_meta_icon et-pb-icon\">&#xe08a;<\/span><span class=\"author\"><a href=\"https:\/\/copardom.org\/index.php\/author\/admin\/\" title=\"Entradas de admin\" rel=\"author\">admin<\/a><\/span> <span class=\"dipl_blog_timeline_meta_icon et-pb-icon\">&#xe066;<\/span><span class=\"comments\">0 Comments<\/span><\/p><div class=\"dipl_blog_timeline_post_content_inner\"><p>Santo Domingo, Rep. Dom.- La presidenta de la Confederaci\u00f3n Patronal de la Rep\u00fablica Dominicana (Copardom), Laura Pe\u00f1a Izquierdo, afirm\u00f3 este mi\u00e9rcoles que un sistema de atenci\u00f3n primaria s\u00f3lido mejora la salud de la poblaci\u00f3n y tiene un impacto positivo en la...<\/p>\n<\/div><div class=\"dipl_blog_timeline_read_more_link\"><a class=\"et_pb_button\" href=\"https:\/\/copardom.org\/index.php\/2023\/11\/01\/presidenta-copardom-atencion-primaria-reduce-costos-e-impacta-positivamente-la-economia-y-competitividad\/\">ver m\u00e1s<\/a><\/div><span class=\"dipl_blog_timeline_triangle\"><\/span><\/div><\/div><div class=\"dipl_blog_timeline_outer_container\"><\/div><\/article><article id=\"post-739\" class=\"dipl_blog_timeline_post post-739 post type-post status-publish format-standard has-post-thumbnail hentry category-sin-categoria\" ><div class=\"dipl_blog_timeline_stem_center\">\n\t\t\t\t\t\t\t<span class=\"dipl_blog_timeline_post_icon et-pb-icon\">&#x37;<\/span>\n\t\t\t\t\t\t<\/div><div class=\"dipl_blog_timeline_post_content\"><div class=\"dipl_blog_timeline_content_wrapper\"><div class=\"dipl_blog_timeline_meta_date\"><span class=\"published\">Nov 1, 2023<\/span><\/div><div class=\"dipl_blog_timeline_image_wrapper\"><a href=\"https:\/\/copardom.org\/index.php\/2023\/11\/01\/expo-comercial-xxi-congreso-copardom\/\" class=\"dipl_blog_timeline_image_link\"><img width=\"1024\" height=\"683\" src=\"https:\/\/copardom.org\/wp-content\/uploads\/2023\/11\/IMG_3996-1024x683.jpg\" class=\"dipl_blog_timeline_post_image wp-post-image\" alt=\"\" decoding=\"async\" loading=\"lazy\" srcset=\"https:\/\/copardom.org\/wp-content\/uploads\/2023\/11\/IMG_3996-980x653.jpg 980w, https:\/\/copardom.org\/wp-content\/uploads\/2023\/11\/IMG_3996-480x320.jpg 480w\" sizes=\"auto, (min-width: 0px) and (max-width: 480px) 480px, (min-width: 481px) and (max-width: 980px) 980px, (min-width: 981px) 1024px, 100vw\" \/><\/a><\/div><h3 class=\"dipl_blog_timeline_post_title\"><a href=\"https:\/\/copardom.org\/index.php\/2023\/11\/01\/expo-comercial-xxi-congreso-copardom\/\">Expo comercial XXI congreso COPARDOM<\/a><\/h3><p class=\"dipl_blog_timeline_meta\"><span class=\"dipl_blog_timeline_meta_icon et-pb-icon\">&#xe08d;<\/span><span class=\"dipl_blog_timeline_post_categories\"><a href=\"https:\/\/copardom.org\/index.php\/category\/sin-categoria\/\" rel=\"category tag\">Noticia<\/a><\/span> <span class=\"dipl_blog_timeline_meta_icon et-pb-icon\">&#xe08a;<\/span><span class=\"author\"><a href=\"https:\/\/copardom.org\/index.php\/author\/admin\/\" title=\"Entradas de admin\" rel=\"author\">admin<\/a><\/span> <span class=\"dipl_blog_timeline_meta_icon et-pb-icon\">&#xe066;<\/span><span class=\"comments\">0 Comments<\/span><\/p><div class=\"dipl_blog_timeline_post_content_inner\"><p>Presidenta Copardom ve reto garantizar tecnolog\u00eda no ponga en peligro seguridad laboral Los empleadores abrieron este lunes una exposici\u00f3n comercial y un congreso donde especialistas locales e internacionales abordan estos temas hasta ma\u00f1ana. Santo Domingo, Rep....<\/p>\n<\/div><div class=\"dipl_blog_timeline_read_more_link\"><a class=\"et_pb_button\" href=\"https:\/\/copardom.org\/index.php\/2023\/11\/01\/expo-comercial-xxi-congreso-copardom\/\">ver m\u00e1s<\/a><\/div><span class=\"dipl_blog_timeline_triangle\"><\/span><\/div><\/div><div class=\"dipl_blog_timeline_outer_container\"><\/div><\/article><article id=\"post-737\" class=\"dipl_blog_timeline_post post-737 post type-post status-publish format-standard has-post-thumbnail hentry category-sin-categoria\" ><div class=\"dipl_blog_timeline_stem_center\">\n\t\t\t\t\t\t\t<span class=\"dipl_blog_timeline_post_icon et-pb-icon\">&#x37;<\/span>\n\t\t\t\t\t\t<\/div><div class=\"dipl_blog_timeline_post_content\"><div class=\"dipl_blog_timeline_content_wrapper\"><div class=\"dipl_blog_timeline_meta_date\"><span class=\"published\">Nov 1, 2023<\/span><\/div><div class=\"dipl_blog_timeline_image_wrapper\"><a href=\"https:\/\/copardom.org\/index.php\/2023\/11\/01\/reporte-de-difusion\/\" class=\"dipl_blog_timeline_image_link\"><img width=\"1024\" height=\"577\" src=\"https:\/\/copardom.org\/wp-content\/uploads\/2023\/11\/Captura-de-pantalla-2023-11-01-001526-1024x577.png\" class=\"dipl_blog_timeline_post_image wp-post-image\" alt=\"\" decoding=\"async\" loading=\"lazy\" srcset=\"https:\/\/copardom.org\/wp-content\/uploads\/2023\/11\/Captura-de-pantalla-2023-11-01-001526-980x553.png 980w, https:\/\/copardom.org\/wp-content\/uploads\/2023\/11\/Captura-de-pantalla-2023-11-01-001526-480x271.png 480w\" sizes=\"auto, (min-width: 0px) and (max-width: 480px) 480px, (min-width: 481px) and (max-width: 980px) 980px, (min-width: 981px) 1024px, 100vw\" \/><\/a><\/div><h3 class=\"dipl_blog_timeline_post_title\"><a href=\"https:\/\/copardom.org\/index.php\/2023\/11\/01\/reporte-de-difusion\/\">Reporte de difusi\u00f3n<\/a><\/h3><p class=\"dipl_blog_timeline_meta\"><span class=\"dipl_blog_timeline_meta_icon et-pb-icon\">&#xe08d;<\/span><span class=\"dipl_blog_timeline_post_categories\"><a href=\"https:\/\/copardom.org\/index.php\/category\/sin-categoria\/\" rel=\"category tag\">Noticia<\/a><\/span> <span class=\"dipl_blog_timeline_meta_icon et-pb-icon\">&#xe08a;<\/span><span class=\"author\"><a href=\"https:\/\/copardom.org\/index.php\/author\/admin\/\" title=\"Entradas de admin\" rel=\"author\">admin<\/a><\/span> <span class=\"dipl_blog_timeline_meta_icon et-pb-icon\">&#xe066;<\/span><span class=\"comments\">0 Comments<\/span><\/p><div class=\"dipl_blog_timeline_post_content_inner\"><p>Reporte de difusi\u00f3n<\/p>\n<p>Conferencia de atenci\u00f3n primaria:<br \/>\nModelos, rutas y lecciones aprendidas para la implementaci\u00f3n y operaci\u00f3n.<\/p>\n<\/div><div class=\"dipl_blog_timeline_read_more_link\"><a class=\"et_pb_button\" href=\"https:\/\/copardom.org\/index.php\/2023\/11\/01\/reporte-de-difusion\/\">ver m\u00e1s<\/a><\/div><span class=\"dipl_blog_timeline_triangle\"><\/span><\/div><\/div><div class=\"dipl_blog_timeline_outer_container\"><\/div><\/article><article id=\"post-388\" class=\"dipl_blog_timeline_post post-388 post type-post status-publish format-standard has-post-thumbnail hentry category-sin-categoria\" ><div class=\"dipl_blog_timeline_stem_center\">\n\t\t\t\t\t\t\t<span class=\"dipl_blog_timeline_post_icon et-pb-icon\">&#x37;<\/span>\n\t\t\t\t\t\t<\/div><div class=\"dipl_blog_timeline_post_content\"><div class=\"dipl_blog_timeline_content_wrapper\"><div class=\"dipl_blog_timeline_meta_date\"><span class=\"published\">Oct 3, 2023<\/span><\/div><div class=\"dipl_blog_timeline_image_wrapper\"><a href=\"https:\/\/copardom.org\/index.php\/2023\/10\/03\/comunicado-de-prensa\/\" class=\"dipl_blog_timeline_image_link\"><img width=\"1024\" height=\"656\" src=\"https:\/\/copardom.org\/wp-content\/uploads\/2023\/10\/Captura-de-pantalla-2023-10-03-a-las-17.13.21-1024x656.png\" class=\"dipl_blog_timeline_post_image wp-post-image\" alt=\"\" decoding=\"async\" loading=\"lazy\" srcset=\"https:\/\/copardom.org\/wp-content\/uploads\/2023\/10\/Captura-de-pantalla-2023-10-03-a-las-17.13.21-1024x656.png 1024w, https:\/\/copardom.org\/wp-content\/uploads\/2023\/10\/Captura-de-pantalla-2023-10-03-a-las-17.13.21-980x628.png 980w, https:\/\/copardom.org\/wp-content\/uploads\/2023\/10\/Captura-de-pantalla-2023-10-03-a-las-17.13.21-480x307.png 480w\" sizes=\"auto, (min-width: 0px) and (max-width: 480px) 480px, (min-width: 481px) and (max-width: 980px) 980px, (min-width: 981px) 1024px, 100vw\" \/><\/a><\/div><h3 class=\"dipl_blog_timeline_post_title\"><a href=\"https:\/\/copardom.org\/index.php\/2023\/10\/03\/comunicado-de-prensa\/\">Comunicado de prensa<\/a><\/h3><p class=\"dipl_blog_timeline_meta\"><span class=\"dipl_blog_timeline_meta_icon et-pb-icon\">&#xe08d;<\/span><span class=\"dipl_blog_timeline_post_categories\"><a href=\"https:\/\/copardom.org\/index.php\/category\/sin-categoria\/\" rel=\"category tag\">Noticia<\/a><\/span> <span class=\"dipl_blog_timeline_meta_icon et-pb-icon\">&#xe08a;<\/span><span class=\"author\"><a href=\"https:\/\/copardom.org\/index.php\/author\/admin\/\" title=\"Entradas de admin\" rel=\"author\">admin<\/a><\/span> <span class=\"dipl_blog_timeline_meta_icon et-pb-icon\">&#xe066;<\/span><span class=\"comments\">0 Comments<\/span><\/p><div class=\"dipl_blog_timeline_post_content_inner\"><p>COMUNICADO DE PRENSALunes 25 de septiembre de 2023 *Copardom analizar\u00e1 retos digitales de la seguridad y salud en el trabajo* _La entidad har\u00e1 el 9 y 10 de octubre pr\u00f3ximo una exposici\u00f3n comercial con el sector patronal y un congreso que abordar\u00e1 estos temas con...<\/p>\n<\/div><div class=\"dipl_blog_timeline_read_more_link\"><a class=\"et_pb_button\" href=\"https:\/\/copardom.org\/index.php\/2023\/10\/03\/comunicado-de-prensa\/\">ver m\u00e1s<\/a><\/div><span class=\"dipl_blog_timeline_triangle\"><\/span><\/div><\/div><div class=\"dipl_blog_timeline_outer_container\"><\/div><\/article><div class=\"dipl_stem_wrapper dipl_blog_timeline_alternate_stem\">\n\t\t\t\t\t\t\t\t\t<div class=\"dipl_blog_stem\"><\/div>\n\t\t\t\t\t\t\t\t<\/div><\/div>\n\t\t\t\t<\/div>\n\t\t\t<\/div>\n","protected":false},"author":1,"featured_media":0,"parent":0,"menu_order":0,"comment_status":"closed","ping_status":"closed","template":"","meta":{"_et_pb_use_builder":"on","_et_pb_old_content":"<!-- wp:divi\/placeholder \/-->","_et_gb_content_width":"","loftloader_page_shortcode":"","footnotes":""},"class_list":["post-213","page","type-page","status-publish","hentry"],"_links":{"self":[{"href":"https:\/\/copardom.org\/index.php\/wp-json\/wp\/v2\/pages\/213","targetHints":{"allow":["GET"]}}],"collection":[{"href":"https:\/\/copardom.org\/index.php\/wp-json\/wp\/v2\/pages"}],"about":[{"href":"https:\/\/copardom.org\/index.php\/wp-json\/wp\/v2\/types\/page"}],"author":[{"embeddable":true,"href":"https:\/\/copardom.org\/index.php\/wp-json\/wp\/v2\/users\/1"}],"replies":[{"embeddable":true,"href":"https:\/\/copardom.org\/index.php\/wp-json\/wp\/v2\/comments?post=213"}],"version-history":[{"count":5,"href":"https:\/\/copardom.org\/index.php\/wp-json\/wp\/v2\/pages\/213\/revisions"}],"predecessor-version":[{"id":730,"href":"https:\/\/copardom.org\/index.php\/wp-json\/wp\/v2\/pages\/213\/revisions\/730"}],"wp:attachment":[{"href":"https:\/\/copardom.org\/index.php\/wp-json\/wp\/v2\/media?parent=213"}],"curies":[{"name":"wp","href":"https:\/\/api.w.org\/{rel}","templated":true}]}}