{"id":217,"date":"2023-09-06T23:37:38","date_gmt":"2023-09-07T03:37:38","guid":{"rendered":"https:\/\/copardom.org\/?page_id=217"},"modified":"2023-10-24T17:27:51","modified_gmt":"2023-10-24T21:27:51","slug":"semblanza-historica","status":"publish","type":"page","link":"https:\/\/copardom.org\/index.php\/semblanza-historica\/","title":{"rendered":"Semblanza Hist\u00f3rica"},"content":{"rendered":"<p>[et_pb_section fb_built=\"1&#8243; _builder_version=\"4.22.2&#8243; _module_preset=\"default\" background_enable_color=\"off\" background_image=\"https:\/\/copardom.org\/wp-content\/uploads\/2023\/10\/historia.png\" global_colors_info=\"{}\"][et_pb_row _builder_version=\"4.21.0&#8243; _module_preset=\"default\" background_enable_color=\"off\" global_colors_info=\"{}\"][et_pb_column type=\"4_4&#8243; _builder_version=\"4.21.0&#8243; _module_preset=\"default\" global_colors_info=\"{}\"][et_pb_text _builder_version=\"4.22.2&#8243; _module_preset=\"default\" text_font=\"|700|||||||\" text_font_size=\"30px\" header_font_size=\"36px\" text_orientation=\"center\" background_layout=\"dark\" text_font_size_tablet=\"26px\" text_font_size_phone=\"18px\" text_font_size_last_edited=\"on|phone\" global_colors_info=\"{}\"]<\/p>\n<p>Semblanza Hist\u00f3rica<\/p>\n<p>[\/et_pb_text][\/et_pb_column][\/et_pb_row][\/et_pb_section][et_pb_section fb_built=\"1&#8243; _builder_version=\"4.21.0&#8243; _module_preset=\"default\" custom_margin=\"0px||||false|false\" custom_padding=\"0px||||false|false\" global_colors_info=\"{}\"][et_pb_row column_structure=\"1_4,1_4,1_4,1_4&#8243; _builder_version=\"4.22.2&#8243; _module_preset=\"default\" global_colors_info=\"{}\"][et_pb_column type=\"1_4&#8243; _builder_version=\"4.22.2&#8243; _module_preset=\"default\" global_colors_info=\"{}\"][et_pb_text _builder_version=\"4.22.2&#8243; _module_preset=\"default\" global_colors_info=\"{}\"]<\/p>\n<p style=\"text-align: justify;\">Fundada el 30 de septiembre del 1946, la Confederaci\u00f3n Patronal de la Rep\u00fablica Dominicana (COPARDOM) es la organizaci\u00f3n del sector empleador especializada en el debate y discusi\u00f3n de la totalidad de aspectos vinculados a la relaci\u00f3n de trabajo, tales como salarios, productividad, seguridad social, salud y seguridad en el trabajo, entre otros.<\/p>\n<p>[\/et_pb_text][\/et_pb_column][et_pb_column type=\"1_4&#8243; _builder_version=\"4.22.2&#8243; _module_preset=\"default\" global_colors_info=\"{}\"][et_pb_text _builder_version=\"4.22.2&#8243; _module_preset=\"default\" global_colors_info=\"{}\"]<\/p>\n<p style=\"text-align: justify;\">La misi\u00f3n y visi\u00f3n de COPARDOM es continuar representando y defendiendo los intereses y derechos del sector empleador del pa\u00eds en materia socio laboral en provecho de fortalecer el entorno en el cual se desarrollan las empresas.<\/p>\n<p>[\/et_pb_text][\/et_pb_column][et_pb_column type=\"1_4&#8243; _builder_version=\"4.22.2&#8243; _module_preset=\"default\" global_colors_info=\"{}\"][et_pb_text _builder_version=\"4.22.2&#8243; _module_preset=\"default\" global_colors_info=\"{}\" custom_padding=\"||0px|||\"]<\/p>\n<p style=\"text-align: justify;\">Hemos sido participes de importantes procesos que inciden en nuestro sector, como, por ejemplo, la formaci\u00f3n y posterior participaci\u00f3n en los trabajos de la comisi\u00f3n que eval\u00faa la necesaria readecuaci\u00f3n del C\u00f3digo de Trabajo. Hoy d\u00eda, continuamos a la expectativa de que se revise nuestra legislaci\u00f3n laboral.<\/p>\n<p>[\/et_pb_text][\/et_pb_column][et_pb_column type=\"1_4&#8243; _builder_version=\"4.22.2&#8243; _module_preset=\"default\" global_colors_info=\"{}\"][et_pb_text _builder_version=\"4.22.2&#8243; _module_preset=\"default\" global_colors_info=\"{}\"]<\/p>\n<p style=\"text-align: justify;\">Al tenor del Sistema Dominicano de Seguridad Social, mantenemos el compromiso y el inter\u00e9s de establecer un mecanismo adecuado para la creaci\u00f3n del FONAMAT, la implementaci\u00f3n de la atenci\u00f3n primaria, la ampliaci\u00f3n de la cobertura de las prestaciones del plan de servicios de salud, el inicio del R\u00e9gimen Contributivo Subsidiado, y la salvaguarda del equilibrio financiero del sistema.<\/p>\n<p>[\/et_pb_text][\/et_pb_column][\/et_pb_row][\/et_pb_section][et_pb_section fb_built=\"1&#8243; admin_label=\"Mission\" _builder_version=\"4.22.1&#8243; custom_margin=\"0px||0px||false|false\" custom_padding=\"0px||||false|false\" top_divider_style=\"mountains2&#8243; top_divider_color=\"#37c8c5&#8243; top_divider_height=\"33px\" locked=\"off\" global_colors_info=\"{}\"][et_pb_row column_structure=\"1_3,1_3,1_3&#8243; _builder_version=\"4.16&#8243; global_colors_info=\"{}\"][et_pb_column type=\"1_3&#8243; _builder_version=\"4.16&#8243; custom_padding=\"160px|||\" custom_padding_tablet=\"0px||\" custom_padding_phone=\"0px||\" custom_padding_last_edited=\"on|desktop\" global_colors_info=\"{}\" padding_tablet=\"0px||\" padding_last_edited=\"on|desktop\" custom_padding__hover=\"|||\" padding_phone=\"0px||\"][et_pb_text _builder_version=\"4.22.1&#8243; header_font=\"||||||||\" header_3_font=\"Mukta|600|||||||\" header_3_text_color=\"#1b52d9&#8243; header_3_font_size=\"36px\" header_3_line_height=\"1.4em\" custom_margin=\"||10px\" animation_style=\"slide\" animation_direction=\"top\" animation_intensity_slide=\"5%\" header_3_font_size_tablet=\"36px\" header_3_font_size_phone=\"24px\" header_3_font_size_last_edited=\"on|desktop\" locked=\"off\" global_colors_info=\"{}\" header_2_font_size__hover=\"26px\" header_2_font_size__hover_enabled=\"26px\" header_2_letter_spacing__hover=\"0px\" header_2_letter_spacing__hover_enabled=\"0px\" header_2_line_height__hover=\"1em\" header_2_line_height__hover_enabled=\"1em\" header_2_text_shadow_style__hover=\"none\" header_2_text_shadow_style__hover_enabled=\"none\" header_2_text_shadow_color__hover=\"rgba(0,0,0,0.4)\" header_2_text_shadow_color__hover_enabled=\"rgba(0,0,0,0.4)\"]<\/p>\n<h3 style=\"text-align: center;\">Misi\u00f3n<\/h3>\n<p>[\/et_pb_text][et_pb_divider color=\"#2a2a2a\" divider_weight=\"2px\" _builder_version=\"4.16&#8243; max_width=\"50px\" height=\"2px\" animation_style=\"slide\" animation_direction=\"top\" animation_intensity_slide=\"20%\" locked=\"off\" global_colors_info=\"{}\"][\/et_pb_divider][et_pb_text _builder_version=\"4.22.1&#8243; text_font_size=\"18px\" text_line_height=\"2em\" module_alignment=\"center\" animation_style=\"slide\" animation_direction=\"top\" animation_intensity_slide=\"5%\" locked=\"off\" global_colors_info=\"{}\"]<\/p>\n<p>Representamos los leg\u00edtimos intereses del empleador privado en aspectos sociolaborales procurando el bien com\u00fan.<\/p>\n<p>[\/et_pb_text][\/et_pb_column][et_pb_column type=\"1_3&#8243; _builder_version=\"4.16&#8243; custom_padding=\"80px|||\" custom_padding_tablet=\"0px||\" custom_padding_phone=\"0px||\" custom_padding_last_edited=\"on|desktop\" global_colors_info=\"{}\" padding_tablet=\"0px||\" padding_last_edited=\"on|desktop\" custom_padding__hover=\"|||\" padding_phone=\"0px||\"][et_pb_text _builder_version=\"4.22.1&#8243; header_font=\"||||||||\" header_3_font=\"Mukta|600|||||||\" header_3_text_color=\"#1b52d9&#8243; header_3_font_size=\"36px\" header_3_line_height=\"1.4em\" custom_margin=\"||10px\" animation_style=\"slide\" animation_direction=\"top\" animation_intensity_slide=\"5%\" header_3_font_size_tablet=\"36px\" header_3_font_size_phone=\"24px\" header_3_font_size_last_edited=\"on|desktop\" locked=\"off\" global_colors_info=\"{}\" header_2_font_size__hover=\"26px\" header_2_font_size__hover_enabled=\"26px\" header_2_letter_spacing__hover=\"0px\" header_2_letter_spacing__hover_enabled=\"0px\" header_2_line_height__hover=\"1em\" header_2_line_height__hover_enabled=\"1em\" header_2_text_shadow_style__hover=\"none\" header_2_text_shadow_style__hover_enabled=\"none\" header_2_text_shadow_color__hover=\"rgba(0,0,0,0.4)\" header_2_text_shadow_color__hover_enabled=\"rgba(0,0,0,0.4)\"]<\/p>\n<h3 style=\"text-align: center;\">Visi\u00f3n<\/h3>\n<p>[\/et_pb_text][et_pb_divider color=\"#2a2a2a\" divider_weight=\"2px\" _builder_version=\"4.16&#8243; max_width=\"50px\" height=\"2px\" animation_style=\"slide\" animation_direction=\"top\" animation_intensity_slide=\"20%\" locked=\"off\" global_colors_info=\"{}\"][\/et_pb_divider][et_pb_text _builder_version=\"4.22.1&#8243; text_font_size=\"18px\" text_line_height=\"2em\" module_alignment=\"center\" animation_style=\"slide\" animation_direction=\"top\" animation_intensity_slide=\"5%\" locked=\"off\" global_colors_info=\"{}\"]<\/p>\n<p>Ser referentes del conocimiento especializado para identificar y proponer pol\u00edticas p\u00fablicas y mejores pr\u00e1cticas en aspectos sociolaborales.<\/p>\n<p>[\/et_pb_text][\/et_pb_column][et_pb_column type=\"1_3&#8243; _builder_version=\"4.16&#8243; custom_padding=\"|||\" custom_padding_last_edited=\"off|desktop\" global_colors_info=\"{}\" padding_last_edited=\"off|desktop\" custom_padding__hover=\"|||\"][et_pb_text _builder_version=\"4.22.1&#8243; header_font=\"||||||||\" header_3_font=\"Mukta|600|||||||\" header_3_text_color=\"#1b52d9&#8243; header_3_font_size=\"36px\" header_3_line_height=\"1.4em\" custom_margin=\"||10px\" animation_style=\"slide\" animation_direction=\"top\" animation_intensity_slide=\"5%\" header_3_font_size_tablet=\"36px\" header_3_font_size_phone=\"24px\" header_3_font_size_last_edited=\"on|desktop\" locked=\"off\" global_colors_info=\"{}\" header_2_font_size__hover=\"26px\" header_2_font_size__hover_enabled=\"26px\" header_2_letter_spacing__hover=\"0px\" header_2_letter_spacing__hover_enabled=\"0px\" header_2_line_height__hover=\"1em\" header_2_line_height__hover_enabled=\"1em\" header_2_text_shadow_style__hover=\"none\" header_2_text_shadow_style__hover_enabled=\"none\" header_2_text_shadow_color__hover=\"rgba(0,0,0,0.4)\" header_2_text_shadow_color__hover_enabled=\"rgba(0,0,0,0.4)\"]<\/p>\n<h3 style=\"text-align: center;\">Valores<\/h3>\n<p>[\/et_pb_text][et_pb_divider color=\"#2a2a2a\" divider_weight=\"2px\" _builder_version=\"4.16&#8243; max_width=\"50px\" height=\"2px\" animation_style=\"slide\" animation_direction=\"top\" animation_intensity_slide=\"20%\" locked=\"off\" global_colors_info=\"{}\"][\/et_pb_divider][et_pb_text _builder_version=\"4.22.1&#8243; text_font_size=\"18px\" text_line_height=\"2em\" ul_font_size=\"16px\" module_alignment=\"center\" animation_style=\"slide\" animation_direction=\"top\" animation_intensity_slide=\"5%\" locked=\"off\" global_colors_info=\"{}\"]<\/p>\n<ul>\n<li>\u00c9tica<\/li>\n<li>Transparencia<\/li>\n<li>Pluralidad<\/li>\n<li>Excelencia<\/li>\n<li>Colaboraci\u00f3n<\/li>\n<\/ul>\n<p>[\/et_pb_text][\/et_pb_column][\/et_pb_row][\/et_pb_section][et_pb_section fb_built=\"1&#8243; fullwidth=\"on\" _builder_version=\"4.22.1&#8243; _module_preset=\"default\" bottom_divider_style=\"ramp\" bottom_divider_color=\"#0C71C3&#8243; global_colors_info=\"{}\"][et_pb_fullwidth_image src=\"https:\/\/copardom.org\/wp-content\/uploads\/2023\/09\/Agregar-un-subtitulo-1-compressed-1-scaled.jpg\" title_text=\"Agregar un subt\u00edtulo (1)-compressed (1)\" _builder_version=\"4.22.1&#8243; _module_preset=\"default\" global_colors_info=\"{}\"][\/et_pb_fullwidth_image][\/et_pb_section]<\/p>\n","protected":false},"excerpt":{"rendered":"<p>Semblanza Hist\u00f3ricaFundada el 30 de septiembre del 1946, la Confederaci\u00f3n Patronal de la Rep\u00fablica Dominicana (COPARDOM) es la organizaci\u00f3n del sector empleador especializada en el debate y discusi\u00f3n de la [&hellip;]<\/p>\n","protected":false},"author":1,"featured_media":0,"parent":0,"menu_order":0,"comment_status":"closed","ping_status":"closed","template":"","meta":{"_et_pb_use_builder":"on","_et_pb_old_content":"<!-- wp:divi\/placeholder \/-->","_et_gb_content_width":"","loftloader_page_shortcode":"","footnotes":""},"class_list":["post-217","page","type-page","status-publish","hentry"],"_links":{"self":[{"href":"https:\/\/copardom.org\/index.php\/wp-json\/wp\/v2\/pages\/217","targetHints":{"allow":["GET"]}}],"collection":[{"href":"https:\/\/copardom.org\/index.php\/wp-json\/wp\/v2\/pages"}],"about":[{"href":"https:\/\/copardom.org\/index.php\/wp-json\/wp\/v2\/types\/page"}],"author":[{"embeddable":true,"href":"https:\/\/copardom.org\/index.php\/wp-json\/wp\/v2\/users\/1"}],"replies":[{"embeddable":true,"href":"https:\/\/copardom.org\/index.php\/wp-json\/wp\/v2\/comments?post=217"}],"version-history":[{"count":21,"href":"https:\/\/copardom.org\/index.php\/wp-json\/wp\/v2\/pages\/217\/revisions"}],"predecessor-version":[{"id":470,"href":"https:\/\/copardom.org\/index.php\/wp-json\/wp\/v2\/pages\/217\/revisions\/470"}],"wp:attachment":[{"href":"https:\/\/copardom.org\/index.php\/wp-json\/wp\/v2\/media?parent=217"}],"curies":[{"name":"wp","href":"https:\/\/api.w.org\/{rel}","templated":true}]}}